{"id":446,"date":"2025-02-19T10:25:57","date_gmt":"2025-02-19T10:25:57","guid":{"rendered":"https:\/\/www.xn--rfenacht-fahrzeugbau-pec.ch\/?page_id=446"},"modified":"2025-02-24T23:55:56","modified_gmt":"2025-02-24T23:55:56","slug":"stueckgut-krane","status":"publish","type":"page","link":"https:\/\/www.xn--rfenacht-fahrzeugbau-pec.ch\/index.php\/stueckgut-krane\/","title":{"rendered":"St\u00fcckgut-Krane"},"content":{"rendered":"\t\t<div data-elementor-type=\"wp-page\" data-elementor-id=\"446\" class=\"elementor elementor-446\">\n\t\t\t\t<div class=\"elementor-element elementor-element-e2fca75 e-flex e-con-boxed e-con e-parent\" data-id=\"e2fca75\" data-element_type=\"container\" data-settings=\"{&quot;background_background&quot;:&quot;classic&quot;}\">\n\t\t\t\t\t<div class=\"e-con-inner\">\n\t\t<div class=\"elementor-element elementor-element-d21752c e-con-full e-flex e-con e-child\" data-id=\"d21752c\" data-element_type=\"container\" data-settings=\"{&quot;background_background&quot;:&quot;classic&quot;}\">\n\t\t\t\t<div class=\"elementor-element elementor-element-64e6d8b elementor-widget elementor-widget-heading\" data-id=\"64e6d8b\" data-element_type=\"widget\" data-widget_type=\"heading.default\">\n\t\t\t\t\t<h2 class=\"elementor-heading-title elementor-size-default\">PRODUKTE<br>St\u00fcckgut-Krane<\/h2>\t\t\t\t<\/div>\n\t\t\t\t<\/div>\n\t\t<div class=\"elementor-element elementor-element-752aa56 e-con-full e-flex e-con e-child\" data-id=\"752aa56\" data-element_type=\"container\" data-settings=\"{&quot;background_background&quot;:&quot;classic&quot;}\">\n\t\t\t\t<div class=\"elementor-element elementor-element-c9eb88b elementor-widget elementor-widget-heading\" data-id=\"c9eb88b\" data-element_type=\"widget\" data-widget_type=\"heading.default\">\n\t\t\t\t\t<h2 class=\"elementor-heading-title elementor-size-default\">F\u00fcr jedes Problem die richtige L\u00f6sung<\/h2>\t\t\t\t<\/div>\n\t\t\t\t<\/div>\n\t\t\t\t\t<\/div>\n\t\t\t\t<\/div>\n\t\t<div class=\"elementor-element elementor-element-3b7400e e-flex e-con-boxed e-con e-parent\" data-id=\"3b7400e\" data-element_type=\"container\" data-settings=\"{&quot;background_background&quot;:&quot;classic&quot;}\">\n\t\t\t\t\t<div class=\"e-con-inner\">\n\t\t<div class=\"elementor-element elementor-element-500225c e-con-full e-flex e-con e-child\" data-id=\"500225c\" data-element_type=\"container\" data-settings=\"{&quot;background_background&quot;:&quot;classic&quot;}\">\n\t\t\t\t<div class=\"elementor-element elementor-element-5941731 elementor-widget elementor-widget-text-editor\" data-id=\"5941731\" data-element_type=\"widget\" data-widget_type=\"text-editor.default\">\n\t\t\t\t\t\t\t\t\t<p><a href=\"https:\/\/www.xn--rfenacht-fahrzeugbau-pec.ch\/index.php\/holz-krane\/\">Holz-Krane<\/a>\u00a0 \u00a0 <a href=\"https:\/\/www.xn--rfenacht-fahrzeugbau-pec.ch\/index.php\/recycling\/\">Recycling<\/a>\u00a0 \u00a0 <a href=\"https:\/\/www.xn--rfenacht-fahrzeugbau-pec.ch\/index.php\/anhaenger-sattelauflieger\/\">Anh\u00e4nger\/Sattelauflieger<\/a>\u00a0 \u00a0<a href=\"https:\/\/www.xn--rfenacht-fahrzeugbau-pec.ch\/index.php\/zubehoer\/\">Zubeh\u00f6r<\/a><\/p>\t\t\t\t\t\t\t\t<\/div>\n\t\t\t\t<\/div>\n\t\t<div class=\"elementor-element elementor-element-9eef1d4 e-con-full e-flex e-con e-child\" data-id=\"9eef1d4\" data-element_type=\"container\">\n\t\t\t\t<div class=\"elementor-element elementor-element-85c40c7 elementor-widget elementor-widget-text-editor\" data-id=\"85c40c7\" data-element_type=\"widget\" data-widget_type=\"text-editor.default\">\n\t\t\t\t\t\t\t\t\t<h1>PM St\u00fcckgut Krane<\/h1>\t\t\t\t\t\t\t\t<\/div>\n\t\t\t\t<\/div>\n\t\t<div class=\"elementor-element elementor-element-e3094b6 e-con-full e-flex e-con e-child\" data-id=\"e3094b6\" data-element_type=\"container\">\n\t\t\t\t<div class=\"elementor-element elementor-element-d3ca2ad elementor-widget elementor-widget-image\" data-id=\"d3ca2ad\" data-element_type=\"widget\" data-widget_type=\"image.default\">\n\t\t\t\t\t\t\t\t\t\t\t\t\t\t\t\t<a href=\"https:\/\/www.pm-group.eu\/de\/?noredirect=de-DE\" target=\"_blank\">\n\t\t\t\t\t\t\t<img decoding=\"async\" src=\"https:\/\/www.xn--rfenacht-fahrzeugbau-pec.ch\/wp-content\/uploads\/Logos\/PM-Logo.png\" title=\"PM-Logo\" alt=\"PM-Logo\" class=\"elementor-animation-pop\" loading=\"lazy\" \/>\t\t\t\t\t\t\t\t<\/a>\n\t\t\t\t\t\t\t\t\t\t\t\t\t\t\t<\/div>\n\t\t\t\t<\/div>\n\t\t<div class=\"elementor-element elementor-element-fe6dfc9 e-con-full e-flex e-con e-child\" data-id=\"fe6dfc9\" data-element_type=\"container\">\n\t\t\t\t<div class=\"elementor-element elementor-element-7a4adc7 elementor-widget elementor-widget-text-editor\" data-id=\"7a4adc7\" data-element_type=\"widget\" data-widget_type=\"text-editor.default\">\n\t\t\t\t\t\t\t\t\t<h5>Die Firma PM wird 1959 in Modena als erster italienischer Kranhersteller gegr\u00fcndet. Das Unternehmen hat in diesen Jahren das Vertrauen auf dem Markt auf der ganzen Welt errungen. Sie z\u00e4hlt heute zu den f\u00fchrenden Kranherstellern.<\/h5>\t\t\t\t\t\t\t\t<\/div>\n\t\t\t\t<\/div>\n\t\t<div class=\"elementor-element elementor-element-b1a6082 e-con-full e-flex e-con e-child\" data-id=\"b1a6082\" data-element_type=\"container\">\n\t\t\t\t<div class=\"elementor-element elementor-element-63e5996 elementor-widget elementor-widget-text-editor\" data-id=\"63e5996\" data-element_type=\"widget\" data-widget_type=\"text-editor.default\">\n\t\t\t\t\t\t\t\t\t<h2><strong>DER STARKE KRAN F\u00dcR DIE PANNENHILFE<\/strong><\/h2><h5>PM 38526SP<br \/>&#8211; max. Reichweite 17.00m \/ 1&#8217;490Kg<br \/>&#8211; Seilwinde max 2&#8217;400kg<br \/>&#8211; Funksteuerung Scanreco<\/h5>\t\t\t\t\t\t\t\t<\/div>\n\t\t\t\t<\/div>\n\t\t<div class=\"elementor-element elementor-element-f01b206 e-con-full e-flex e-con e-child\" data-id=\"f01b206\" data-element_type=\"container\">\n\t\t\t\t<div class=\"elementor-element elementor-element-7597143 elementor-widget elementor-widget-image\" data-id=\"7597143\" data-element_type=\"widget\" data-widget_type=\"image.default\">\n\t\t\t\t\t\t\t\t\t\t\t\t\t\t\t<img fetchpriority=\"high\" decoding=\"async\" width=\"768\" height=\"576\" src=\"https:\/\/www.xn--rfenacht-fahrzeugbau-pec.ch\/wp-content\/uploads\/Fahrzeuge\/Produkte-1-768x576.jpg\" class=\"attachment-medium_large size-medium_large wp-image-434\" alt=\"\" srcset=\"https:\/\/www.xn--rfenacht-fahrzeugbau-pec.ch\/wp-content\/uploads\/Fahrzeuge\/Produkte-1-768x576.jpg 768w, https:\/\/www.xn--rfenacht-fahrzeugbau-pec.ch\/wp-content\/uploads\/Fahrzeuge\/Produkte-1-300x225.jpg 300w, https:\/\/www.xn--rfenacht-fahrzeugbau-pec.ch\/wp-content\/uploads\/Fahrzeuge\/Produkte-1-1024x768.jpg 1024w, https:\/\/www.xn--rfenacht-fahrzeugbau-pec.ch\/wp-content\/uploads\/Fahrzeuge\/Produkte-1-1536x1152.jpg 1536w, https:\/\/www.xn--rfenacht-fahrzeugbau-pec.ch\/wp-content\/uploads\/Fahrzeuge\/Produkte-1-2048x1536.jpg 2048w\" sizes=\"(max-width: 768px) 100vw, 768px\" \/>\t\t\t\t\t\t\t\t\t\t\t\t\t\t\t<\/div>\n\t\t\t\t<\/div>\n\t\t\t\t\t<\/div>\n\t\t\t\t<\/div>\n\t\t\t\t<section class=\"elementor-section elementor-top-section elementor-element elementor-element-369340ad elementor-section-content-top elementor-section-full_width elementor-section-height-default elementor-section-height-default\" data-id=\"369340ad\" data-element_type=\"section\" data-settings=\"{&quot;background_background&quot;:&quot;classic&quot;}\">\n\t\t\t\t\t\t\t<div class=\"elementor-background-overlay\"><\/div>\n\t\t\t\t\t\t\t<div class=\"elementor-container elementor-column-gap-default\">\n\t\t\t\t\t<div class=\"elementor-column elementor-col-100 elementor-top-column elementor-element elementor-element-2bd411b\" data-id=\"2bd411b\" data-element_type=\"column\">\n\t\t\t<div class=\"elementor-widget-wrap elementor-element-populated\">\n\t\t\t\t<div class=\"elementor-element elementor-element-13e4bb7b e-flex e-con-boxed e-con e-parent\" data-id=\"13e4bb7b\" data-element_type=\"container\" data-settings=\"{&quot;background_background&quot;:&quot;classic&quot;,&quot;shape_divider_bottom&quot;:&quot;opacity-fan&quot;}\">\n\t\t\t\t\t<div class=\"e-con-inner\">\n\t\t\t\t<div class=\"elementor-shape elementor-shape-bottom\" aria-hidden=\"true\" data-negative=\"false\">\n\t\t\t<svg xmlns=\"http:\/\/www.w3.org\/2000\/svg\" viewBox=\"0 0 283.5 19.6\" preserveAspectRatio=\"none\">\n\t<path class=\"elementor-shape-fill\" style=\"opacity:0.33\" d=\"M0 0L0 18.8 141.8 4.1 283.5 18.8 283.5 0z\"\/>\n\t<path class=\"elementor-shape-fill\" style=\"opacity:0.33\" d=\"M0 0L0 12.6 141.8 4 283.5 12.6 283.5 0z\"\/>\n\t<path class=\"elementor-shape-fill\" style=\"opacity:0.33\" d=\"M0 0L0 6.4 141.8 4 283.5 6.4 283.5 0z\"\/>\n\t<path class=\"elementor-shape-fill\" d=\"M0 0L0 1.2 141.8 4 283.5 1.2 283.5 0z\"\/>\n<\/svg>\t\t<\/div>\n\t\t\t\t<div class=\"elementor-element elementor-element-2b75cd57 elementor-widget elementor-widget-text-editor\" data-id=\"2b75cd57\" data-element_type=\"widget\" data-widget_type=\"text-editor.default\">\n\t\t\t\t\t\t\t\t\t<p style=\"text-align: right;\"><a href=\"https:\/\/www.xn--rfenacht-fahrzeugbau-pec.ch\/index.php\/datenschutzrichtlinien\/\">Datenschutzrichtlinien<\/a><\/p><p>R\u00fcfenacht GmbH Schlosserei &amp; Fahrzeugbau, Hauptstrasse 239, CH-4814 Bottenwil<br \/>info@ruefenacht-fahrzeugbau.ch<\/p><p style=\"text-align: left;\"><a href=\"https:\/\/www.xn--rfenacht-fahrzeugbau-pec.ch\/index.php\/kontakte\/\">Kontakte<\/a><\/p>\t\t\t\t\t\t\t\t<\/div>\n\t\t\t\t\t<\/div>\n\t\t\t\t<\/div>\n\t\t\t\t\t<\/div>\n\t\t<\/div>\n\t\t\t\t\t<\/div>\n\t\t<\/section>\n\t\t\t\t<\/div>\n\t\t","protected":false},"excerpt":{"rendered":"<p>PRODUKTESt\u00fcckgut-Krane F\u00fcr jedes Problem die richtige L\u00f6sung Holz-Krane\u00a0 \u00a0 Recycling\u00a0 \u00a0 Anh\u00e4nger\/Sattelauflieger\u00a0 \u00a0Zubeh\u00f6r PM St\u00fcckgut Krane Die Firma PM wird 1959 in Modena als erster italienischer Kranhersteller gegr\u00fcndet. Das Unternehmen hat in diesen Jahren das Vertrauen auf dem Markt auf der ganzen Welt errungen. Sie z\u00e4hlt heute zu den f\u00fchrenden Kranherstellern. DER STARKE KRAN F\u00dcR [&hellip;]<\/p>\n","protected":false},"author":1,"featured_media":0,"parent":0,"menu_order":0,"comment_status":"closed","ping_status":"closed","template":"","meta":{"ocean_post_layout":"full-width","ocean_both_sidebars_style":"","ocean_both_sidebars_content_width":0,"ocean_both_sidebars_sidebars_width":0,"ocean_sidebar":"","ocean_second_sidebar":"","ocean_disable_margins":"enable","ocean_add_body_class":"","ocean_shortcode_before_top_bar":"","ocean_shortcode_after_top_bar":"","ocean_shortcode_before_header":"","ocean_shortcode_after_header":"","ocean_has_shortcode":"","ocean_shortcode_after_title":"","ocean_shortcode_before_footer_widgets":"","ocean_shortcode_after_footer_widgets":"","ocean_shortcode_before_footer_bottom":"","ocean_shortcode_after_footer_bottom":"","ocean_display_top_bar":"default","ocean_display_header":"on","ocean_header_style":"","ocean_center_header_left_menu":"","ocean_custom_header_template":"","ocean_custom_logo":0,"ocean_custom_retina_logo":0,"ocean_custom_logo_max_width":0,"ocean_custom_logo_tablet_max_width":0,"ocean_custom_logo_mobile_max_width":0,"ocean_custom_logo_max_height":0,"ocean_custom_logo_tablet_max_height":0,"ocean_custom_logo_mobile_max_height":0,"ocean_header_custom_menu":"4","ocean_menu_typo_font_family":"","ocean_menu_typo_font_subset":"","ocean_menu_typo_font_size":0,"ocean_menu_typo_font_size_tablet":0,"ocean_menu_typo_font_size_mobile":0,"ocean_menu_typo_font_size_unit":"px","ocean_menu_typo_font_weight":"","ocean_menu_typo_font_weight_tablet":"","ocean_menu_typo_font_weight_mobile":"","ocean_menu_typo_transform":"","ocean_menu_typo_transform_tablet":"","ocean_menu_typo_transform_mobile":"","ocean_menu_typo_line_height":0,"ocean_menu_typo_line_height_tablet":0,"ocean_menu_typo_line_height_mobile":0,"ocean_menu_typo_line_height_unit":"","ocean_menu_typo_spacing":0,"ocean_menu_typo_spacing_tablet":0,"ocean_menu_typo_spacing_mobile":0,"ocean_menu_typo_spacing_unit":"","ocean_menu_link_color":"","ocean_menu_link_color_hover":"","ocean_menu_link_color_active":"","ocean_menu_link_background":"","ocean_menu_link_hover_background":"","ocean_menu_link_active_background":"","ocean_menu_social_links_bg":"","ocean_menu_social_hover_links_bg":"","ocean_menu_social_links_color":"","ocean_menu_social_hover_links_color":"","ocean_disable_title":"on","ocean_disable_heading":"default","ocean_post_title":"","ocean_post_subheading":"","ocean_post_title_style":"","ocean_post_title_background_color":"","ocean_post_title_background":0,"ocean_post_title_bg_image_position":"","ocean_post_title_bg_image_attachment":"","ocean_post_title_bg_image_repeat":"","ocean_post_title_bg_image_size":"","ocean_post_title_height":0,"ocean_post_title_bg_overlay":0.5,"ocean_post_title_bg_overlay_color":"","ocean_disable_breadcrumbs":"default","ocean_breadcrumbs_color":"","ocean_breadcrumbs_separator_color":"","ocean_breadcrumbs_links_color":"","ocean_breadcrumbs_links_hover_color":"","ocean_display_footer_widgets":"on","ocean_display_footer_bottom":"off","ocean_custom_footer_template":"","footnotes":""},"class_list":["post-446","page","type-page","status-publish","hentry","entry"],"_links":{"self":[{"href":"https:\/\/www.xn--rfenacht-fahrzeugbau-pec.ch\/index.php\/wp-json\/wp\/v2\/pages\/446","targetHints":{"allow":["GET"]}}],"collection":[{"href":"https:\/\/www.xn--rfenacht-fahrzeugbau-pec.ch\/index.php\/wp-json\/wp\/v2\/pages"}],"about":[{"href":"https:\/\/www.xn--rfenacht-fahrzeugbau-pec.ch\/index.php\/wp-json\/wp\/v2\/types\/page"}],"author":[{"embeddable":true,"href":"https:\/\/www.xn--rfenacht-fahrzeugbau-pec.ch\/index.php\/wp-json\/wp\/v2\/users\/1"}],"replies":[{"embeddable":true,"href":"https:\/\/www.xn--rfenacht-fahrzeugbau-pec.ch\/index.php\/wp-json\/wp\/v2\/comments?post=446"}],"version-history":[{"count":40,"href":"https:\/\/www.xn--rfenacht-fahrzeugbau-pec.ch\/index.php\/wp-json\/wp\/v2\/pages\/446\/revisions"}],"predecessor-version":[{"id":804,"href":"https:\/\/www.xn--rfenacht-fahrzeugbau-pec.ch\/index.php\/wp-json\/wp\/v2\/pages\/446\/revisions\/804"}],"wp:attachment":[{"href":"https:\/\/www.xn--rfenacht-fahrzeugbau-pec.ch\/index.php\/wp-json\/wp\/v2\/media?parent=446"}],"curies":[{"name":"wp","href":"https:\/\/api.w.org\/{rel}","templated":true}]}}