{"id":425,"date":"2025-02-19T00:18:37","date_gmt":"2025-02-19T00:18:37","guid":{"rendered":"https:\/\/www.xn--rfenacht-fahrzeugbau-pec.ch\/?page_id=425"},"modified":"2025-02-24T23:45:01","modified_gmt":"2025-02-24T23:45:01","slug":"holz-krane","status":"publish","type":"page","link":"https:\/\/www.xn--rfenacht-fahrzeugbau-pec.ch\/index.php\/holz-krane\/","title":{"rendered":"Holz-Krane"},"content":{"rendered":"\t\t<div data-elementor-type=\"wp-page\" data-elementor-id=\"425\" class=\"elementor elementor-425\">\n\t\t\t\t<div class=\"elementor-element elementor-element-e2fca75 e-flex e-con-boxed e-con e-parent\" data-id=\"e2fca75\" data-element_type=\"container\" data-settings=\"{&quot;background_background&quot;:&quot;classic&quot;}\">\n\t\t\t\t\t<div class=\"e-con-inner\">\n\t\t<div class=\"elementor-element elementor-element-d21752c e-con-full e-flex e-con e-child\" data-id=\"d21752c\" data-element_type=\"container\" data-settings=\"{&quot;background_background&quot;:&quot;classic&quot;}\">\n\t\t\t\t<div class=\"elementor-element elementor-element-64e6d8b elementor-widget elementor-widget-heading\" data-id=\"64e6d8b\" data-element_type=\"widget\" data-widget_type=\"heading.default\">\n\t\t\t\t\t<h2 class=\"elementor-heading-title elementor-size-default\">PRODUKTE<br>Holz-Krane<\/h2>\t\t\t\t<\/div>\n\t\t\t\t<\/div>\n\t\t<div class=\"elementor-element elementor-element-752aa56 e-con-full e-flex e-con e-child\" data-id=\"752aa56\" data-element_type=\"container\" data-settings=\"{&quot;background_background&quot;:&quot;classic&quot;}\">\n\t\t\t\t<div class=\"elementor-element elementor-element-c9eb88b elementor-widget elementor-widget-heading\" data-id=\"c9eb88b\" data-element_type=\"widget\" data-widget_type=\"heading.default\">\n\t\t\t\t\t<h2 class=\"elementor-heading-title elementor-size-default\">F\u00fcr jedes Problem die richtige L\u00f6sung<\/h2>\t\t\t\t<\/div>\n\t\t\t\t<\/div>\n\t\t\t\t\t<\/div>\n\t\t\t\t<\/div>\n\t\t<div class=\"elementor-element elementor-element-3b7400e e-flex e-con-boxed e-con e-parent\" data-id=\"3b7400e\" data-element_type=\"container\" data-settings=\"{&quot;background_background&quot;:&quot;classic&quot;}\">\n\t\t\t\t\t<div class=\"e-con-inner\">\n\t\t<div class=\"elementor-element elementor-element-500225c e-con-full e-flex e-con e-child\" data-id=\"500225c\" data-element_type=\"container\" data-settings=\"{&quot;background_background&quot;:&quot;classic&quot;}\">\n\t\t\t\t<div class=\"elementor-element elementor-element-5941731 elementor-widget elementor-widget-text-editor\" data-id=\"5941731\" data-element_type=\"widget\" data-widget_type=\"text-editor.default\">\n\t\t\t\t\t\t\t\t\t<p><a href=\"https:\/\/www.xn--rfenacht-fahrzeugbau-pec.ch\/index.php\/stueckgut-krane\/\">St\u00fcckgut-Krane<\/a>\u00a0 \u00a0 <a href=\"https:\/\/www.xn--rfenacht-fahrzeugbau-pec.ch\/index.php\/recycling\/\">Recycling<\/a>\u00a0 \u00a0 <a href=\"https:\/\/www.xn--rfenacht-fahrzeugbau-pec.ch\/index.php\/anhaenger-sattelauflieger\/\">Anh\u00e4nger\/Sattelauflieger\u00a0<\/a> \u00a0<a href=\"https:\/\/www.xn--rfenacht-fahrzeugbau-pec.ch\/index.php\/zubehoer\/\">Zubeh\u00f6r<\/a><\/p>\t\t\t\t\t\t\t\t<\/div>\n\t\t\t\t<\/div>\n\t\t<div class=\"elementor-element elementor-element-9eef1d4 e-con-full e-flex e-con e-child\" data-id=\"9eef1d4\" data-element_type=\"container\">\n\t\t\t\t<div class=\"elementor-element elementor-element-85c40c7 elementor-widget elementor-widget-text-editor\" data-id=\"85c40c7\" data-element_type=\"widget\" data-widget_type=\"text-editor.default\">\n\t\t\t\t\t\t\t\t\t<h1>Holzlade-Krane f\u00fcr Kurz- und Langholz<\/h1>\t\t\t\t\t\t\t\t<\/div>\n\t\t\t\t<\/div>\n\t\t<div class=\"elementor-element elementor-element-e3094b6 e-con-full e-flex e-con e-child\" data-id=\"e3094b6\" data-element_type=\"container\">\n\t\t\t\t<div class=\"elementor-element elementor-element-9d1d21e elementor-widget elementor-widget-image\" data-id=\"9d1d21e\" data-element_type=\"widget\" data-widget_type=\"image.default\">\n\t\t\t\t\t\t\t\t\t\t\t\t\t\t\t\t<a href=\"https:\/\/tajfunliv.com\/\" target=\"_blank\">\n\t\t\t\t\t\t\t<img decoding=\"async\" src=\"https:\/\/www.xn--rfenacht-fahrzeugbau-pec.ch\/wp-content\/uploads\/Logos\/TajfunLiv-Logo.png\" title=\"TajfunLiv-Logo\" alt=\"TajfunLiv-Logo\" class=\"elementor-animation-pop\" loading=\"lazy\" \/>\t\t\t\t\t\t\t\t<\/a>\n\t\t\t\t\t\t\t\t\t\t\t\t\t\t\t<\/div>\n\t\t\t\t<div class=\"elementor-element elementor-element-334d52b elementor-widget elementor-widget-image\" data-id=\"334d52b\" data-element_type=\"widget\" data-widget_type=\"image.default\">\n\t\t\t\t\t\t\t\t\t\t\t\t<figure class=\"wp-caption\">\n\t\t\t\t\t\t\t\t\t\t\t<a href=\"https:\/\/www.diebolt.fr\/de\/\" target=\"_blank\">\n\t\t\t\t\t\t\t<img decoding=\"async\" src=\"https:\/\/www.xn--rfenacht-fahrzeugbau-pec.ch\/wp-content\/uploads\/Logos\/diebolt-logo.png\" title=\"diebolt-logo\" alt=\"diebolt-logo\" class=\"elementor-animation-pop\" loading=\"lazy\" \/>\t\t\t\t\t\t\t\t<\/a>\n\t\t\t\t\t\t\t\t\t\t\t<figcaption class=\"widget-image-caption wp-caption-text\"><\/figcaption>\n\t\t\t\t\t\t\t\t\t\t<\/figure>\n\t\t\t\t\t\t\t\t\t<\/div>\n\t\t\t\t<\/div>\n\t\t<div class=\"elementor-element elementor-element-fe6dfc9 e-con-full e-flex e-con e-child\" data-id=\"fe6dfc9\" data-element_type=\"container\">\n\t\t\t\t<div class=\"elementor-element elementor-element-7a4adc7 elementor-widget elementor-widget-text-editor\" data-id=\"7a4adc7\" data-element_type=\"widget\" data-widget_type=\"text-editor.default\">\n\t\t\t\t\t\t\t\t\t<h5>Wir sind Importeur der Tajfun-Liv und Diebolt Produktepalette.<\/h5>\t\t\t\t\t\t\t\t<\/div>\n\t\t\t\t<\/div>\n\t\t<div class=\"elementor-element elementor-element-350e409 e-con-full e-flex e-con e-child\" data-id=\"350e409\" data-element_type=\"container\">\n\t\t\t\t<div class=\"elementor-element elementor-element-8155602 elementor-widget elementor-widget-text-editor\" data-id=\"8155602\" data-element_type=\"widget\" data-widget_type=\"text-editor.default\">\n\t\t\t\t\t\t\t\t\t<h2><strong>EINE BEW\u00c4HRTER KOMBI IN VERBESSERTER AUSF\u00dcHRUNG<\/strong><\/h2>\t\t\t\t\t\t\t\t<\/div>\n\t\t\t\t<\/div>\n\t\t<div class=\"elementor-element elementor-element-b1a6082 e-con-full e-flex e-con e-child\" data-id=\"b1a6082\" data-element_type=\"container\">\n\t\t\t\t<div class=\"elementor-element elementor-element-63e5996 elementor-widget elementor-widget-text-editor\" data-id=\"63e5996\" data-element_type=\"widget\" data-widget_type=\"text-editor.default\">\n\t\t\t\t\t\t\t\t\t<h3>KRAN<\/h3><h5>TAJFUN-LIV\u00a0 L300Z96 MIT INTERFORC PLUS SYSTEM<br \/>AUSGER\u00dcSTET MIT GREIFERWAAGE VON INTERMERCATO<\/h5><h3><strong>KOMBI<\/strong><\/h3><h5>DIEBOLT-KOMBI\u00a0\u00a0TYP S3342U<br \/>LEERGEWICHT:\u00a0 5&#8217;340KG<\/h5><div>\u00a0<\/div><div>\u00a0<\/div>\t\t\t\t\t\t\t\t<\/div>\n\t\t\t\t<\/div>\n\t\t<div class=\"elementor-element elementor-element-3d5d9ad e-con-full e-flex e-con e-child\" data-id=\"3d5d9ad\" data-element_type=\"container\">\n\t\t\t\t<div class=\"elementor-element elementor-element-61d7eeb elementor-widget elementor-widget-image\" data-id=\"61d7eeb\" data-element_type=\"widget\" data-widget_type=\"image.default\">\n\t\t\t\t\t\t\t\t\t\t\t\t\t\t\t<img fetchpriority=\"high\" decoding=\"async\" width=\"1024\" height=\"574\" src=\"https:\/\/www.xn--rfenacht-fahrzeugbau-pec.ch\/wp-content\/uploads\/Fahrzeuge\/Produkte-3-1024x574.jpg\" class=\"attachment-large size-large wp-image-436\" alt=\"\" srcset=\"https:\/\/www.xn--rfenacht-fahrzeugbau-pec.ch\/wp-content\/uploads\/Fahrzeuge\/Produkte-3-1024x574.jpg 1024w, https:\/\/www.xn--rfenacht-fahrzeugbau-pec.ch\/wp-content\/uploads\/Fahrzeuge\/Produkte-3-300x168.jpg 300w, https:\/\/www.xn--rfenacht-fahrzeugbau-pec.ch\/wp-content\/uploads\/Fahrzeuge\/Produkte-3-768x431.jpg 768w, https:\/\/www.xn--rfenacht-fahrzeugbau-pec.ch\/wp-content\/uploads\/Fahrzeuge\/Produkte-3-1536x861.jpg 1536w, https:\/\/www.xn--rfenacht-fahrzeugbau-pec.ch\/wp-content\/uploads\/Fahrzeuge\/Produkte-3-2048x1148.jpg 2048w\" sizes=\"(max-width: 1024px) 100vw, 1024px\" \/>\t\t\t\t\t\t\t\t\t\t\t\t\t\t\t<\/div>\n\t\t\t\t<\/div>\n\t\t<div class=\"elementor-element elementor-element-f01b206 e-con-full e-flex e-con e-child\" data-id=\"f01b206\" data-element_type=\"container\">\n\t\t\t\t<div class=\"elementor-element elementor-element-7597143 elementor-widget elementor-widget-image\" data-id=\"7597143\" data-element_type=\"widget\" data-widget_type=\"image.default\">\n\t\t\t\t\t\t\t\t\t\t\t\t\t\t\t<img decoding=\"async\" width=\"1024\" height=\"574\" src=\"https:\/\/www.xn--rfenacht-fahrzeugbau-pec.ch\/wp-content\/uploads\/Fahrzeuge\/Produkte-4-1024x574.jpg\" class=\"attachment-large size-large wp-image-437\" alt=\"\" srcset=\"https:\/\/www.xn--rfenacht-fahrzeugbau-pec.ch\/wp-content\/uploads\/Fahrzeuge\/Produkte-4-1024x574.jpg 1024w, https:\/\/www.xn--rfenacht-fahrzeugbau-pec.ch\/wp-content\/uploads\/Fahrzeuge\/Produkte-4-300x168.jpg 300w, https:\/\/www.xn--rfenacht-fahrzeugbau-pec.ch\/wp-content\/uploads\/Fahrzeuge\/Produkte-4-768x431.jpg 768w, https:\/\/www.xn--rfenacht-fahrzeugbau-pec.ch\/wp-content\/uploads\/Fahrzeuge\/Produkte-4-1536x861.jpg 1536w, https:\/\/www.xn--rfenacht-fahrzeugbau-pec.ch\/wp-content\/uploads\/Fahrzeuge\/Produkte-4-2048x1148.jpg 2048w\" sizes=\"(max-width: 1024px) 100vw, 1024px\" \/>\t\t\t\t\t\t\t\t\t\t\t\t\t\t\t<\/div>\n\t\t\t\t<\/div>\n\t\t<div class=\"elementor-element elementor-element-d6b0f47 e-con-full e-flex e-con e-child\" data-id=\"d6b0f47\" data-element_type=\"container\">\n\t\t\t\t<div class=\"elementor-element elementor-element-f7ae017 elementor-widget elementor-widget-image\" data-id=\"f7ae017\" data-element_type=\"widget\" data-widget_type=\"image.default\">\n\t\t\t\t\t\t\t\t\t\t\t\t\t\t\t<img decoding=\"async\" width=\"1024\" height=\"574\" src=\"https:\/\/www.xn--rfenacht-fahrzeugbau-pec.ch\/wp-content\/uploads\/Fahrzeuge\/Produkte-2-1024x574.jpg\" class=\"attachment-large size-large wp-image-435\" alt=\"\" srcset=\"https:\/\/www.xn--rfenacht-fahrzeugbau-pec.ch\/wp-content\/uploads\/Fahrzeuge\/Produkte-2-1024x574.jpg 1024w, https:\/\/www.xn--rfenacht-fahrzeugbau-pec.ch\/wp-content\/uploads\/Fahrzeuge\/Produkte-2-300x168.jpg 300w, https:\/\/www.xn--rfenacht-fahrzeugbau-pec.ch\/wp-content\/uploads\/Fahrzeuge\/Produkte-2-768x431.jpg 768w, https:\/\/www.xn--rfenacht-fahrzeugbau-pec.ch\/wp-content\/uploads\/Fahrzeuge\/Produkte-2-1536x861.jpg 1536w, https:\/\/www.xn--rfenacht-fahrzeugbau-pec.ch\/wp-content\/uploads\/Fahrzeuge\/Produkte-2-2048x1148.jpg 2048w\" sizes=\"(max-width: 1024px) 100vw, 1024px\" \/>\t\t\t\t\t\t\t\t\t\t\t\t\t\t\t<\/div>\n\t\t\t\t<\/div>\n\t\t\t\t\t<\/div>\n\t\t\t\t<\/div>\n\t\t\t\t<section class=\"elementor-section elementor-top-section elementor-element elementor-element-5bbd075 elementor-section-content-top elementor-section-full_width elementor-section-height-default elementor-section-height-default\" data-id=\"5bbd075\" data-element_type=\"section\" data-settings=\"{&quot;background_background&quot;:&quot;classic&quot;}\">\n\t\t\t\t\t\t\t<div class=\"elementor-background-overlay\"><\/div>\n\t\t\t\t\t\t\t<div class=\"elementor-container elementor-column-gap-default\">\n\t\t\t\t\t<div class=\"elementor-column elementor-col-100 elementor-top-column elementor-element elementor-element-2693d867\" data-id=\"2693d867\" data-element_type=\"column\">\n\t\t\t<div class=\"elementor-widget-wrap elementor-element-populated\">\n\t\t\t\t<div class=\"elementor-element elementor-element-3bc70c99 e-flex e-con-boxed e-con e-parent\" data-id=\"3bc70c99\" data-element_type=\"container\" data-settings=\"{&quot;background_background&quot;:&quot;classic&quot;,&quot;shape_divider_bottom&quot;:&quot;opacity-fan&quot;}\">\n\t\t\t\t\t<div class=\"e-con-inner\">\n\t\t\t\t<div class=\"elementor-shape elementor-shape-bottom\" aria-hidden=\"true\" data-negative=\"false\">\n\t\t\t<svg xmlns=\"http:\/\/www.w3.org\/2000\/svg\" viewBox=\"0 0 283.5 19.6\" preserveAspectRatio=\"none\">\n\t<path class=\"elementor-shape-fill\" style=\"opacity:0.33\" d=\"M0 0L0 18.8 141.8 4.1 283.5 18.8 283.5 0z\"\/>\n\t<path class=\"elementor-shape-fill\" style=\"opacity:0.33\" d=\"M0 0L0 12.6 141.8 4 283.5 12.6 283.5 0z\"\/>\n\t<path class=\"elementor-shape-fill\" style=\"opacity:0.33\" d=\"M0 0L0 6.4 141.8 4 283.5 6.4 283.5 0z\"\/>\n\t<path class=\"elementor-shape-fill\" d=\"M0 0L0 1.2 141.8 4 283.5 1.2 283.5 0z\"\/>\n<\/svg>\t\t<\/div>\n\t\t\t\t<div class=\"elementor-element elementor-element-2f7c2461 elementor-widget elementor-widget-text-editor\" data-id=\"2f7c2461\" data-element_type=\"widget\" data-widget_type=\"text-editor.default\">\n\t\t\t\t\t\t\t\t\t<p style=\"text-align: right;\"><a href=\"https:\/\/www.xn--rfenacht-fahrzeugbau-pec.ch\/index.php\/datenschutzrichtlinien\/\">Datenschutzrichtlinien<\/a><\/p><p>R\u00fcfenacht GmbH Schlosserei &amp; Fahrzeugbau, Hauptstrasse 239, CH-4814 Bottenwil<br \/>info@ruefenacht-fahrzeugbau.ch<\/p><p style=\"text-align: left;\"><a href=\"https:\/\/www.xn--rfenacht-fahrzeugbau-pec.ch\/index.php\/kontakte\/\">Kontakte<\/a><\/p>\t\t\t\t\t\t\t\t<\/div>\n\t\t\t\t\t<\/div>\n\t\t\t\t<\/div>\n\t\t\t\t\t<\/div>\n\t\t<\/div>\n\t\t\t\t\t<\/div>\n\t\t<\/section>\n\t\t\t\t<\/div>\n\t\t","protected":false},"excerpt":{"rendered":"<p>PRODUKTEHolz-Krane F\u00fcr jedes Problem die richtige L\u00f6sung St\u00fcckgut-Krane\u00a0 \u00a0 Recycling\u00a0 \u00a0 Anh\u00e4nger\/Sattelauflieger\u00a0 \u00a0Zubeh\u00f6r Holzlade-Krane f\u00fcr Kurz- und Langholz Wir sind Importeur der Tajfun-Liv und Diebolt Produktepalette. EINE BEW\u00c4HRTER KOMBI IN VERBESSERTER AUSF\u00dcHRUNG KRAN TAJFUN-LIV\u00a0 L300Z96 MIT INTERFORC PLUS SYSTEMAUSGER\u00dcSTET MIT GREIFERWAAGE VON INTERMERCATO KOMBI DIEBOLT-KOMBI\u00a0\u00a0TYP S3342ULEERGEWICHT:\u00a0 5&#8217;340KG \u00a0\u00a0 Datenschutzrichtlinien R\u00fcfenacht GmbH Schlosserei &amp; Fahrzeugbau, Hauptstrasse [&hellip;]<\/p>\n","protected":false},"author":1,"featured_media":0,"parent":0,"menu_order":0,"comment_status":"closed","ping_status":"closed","template":"","meta":{"ocean_post_layout":"full-width","ocean_both_sidebars_style":"","ocean_both_sidebars_content_width":0,"ocean_both_sidebars_sidebars_width":0,"ocean_sidebar":"","ocean_second_sidebar":"","ocean_disable_margins":"enable","ocean_add_body_class":"","ocean_shortcode_before_top_bar":"","ocean_shortcode_after_top_bar":"","ocean_shortcode_before_header":"","ocean_shortcode_after_header":"","ocean_has_shortcode":"","ocean_shortcode_after_title":"","ocean_shortcode_before_footer_widgets":"","ocean_shortcode_after_footer_widgets":"","ocean_shortcode_before_footer_bottom":"","ocean_shortcode_after_footer_bottom":"","ocean_display_top_bar":"default","ocean_display_header":"on","ocean_header_style":"","ocean_center_header_left_menu":"","ocean_custom_header_template":"","ocean_custom_logo":0,"ocean_custom_retina_logo":0,"ocean_custom_logo_max_width":0,"ocean_custom_logo_tablet_max_width":0,"ocean_custom_logo_mobile_max_width":0,"ocean_custom_logo_max_height":0,"ocean_custom_logo_tablet_max_height":0,"ocean_custom_logo_mobile_max_height":0,"ocean_header_custom_menu":"4","ocean_menu_typo_font_family":"","ocean_menu_typo_font_subset":"","ocean_menu_typo_font_size":0,"ocean_menu_typo_font_size_tablet":0,"ocean_menu_typo_font_size_mobile":0,"ocean_menu_typo_font_size_unit":"px","ocean_menu_typo_font_weight":"","ocean_menu_typo_font_weight_tablet":"","ocean_menu_typo_font_weight_mobile":"","ocean_menu_typo_transform":"","ocean_menu_typo_transform_tablet":"","ocean_menu_typo_transform_mobile":"","ocean_menu_typo_line_height":0,"ocean_menu_typo_line_height_tablet":0,"ocean_menu_typo_line_height_mobile":0,"ocean_menu_typo_line_height_unit":"","ocean_menu_typo_spacing":0,"ocean_menu_typo_spacing_tablet":0,"ocean_menu_typo_spacing_mobile":0,"ocean_menu_typo_spacing_unit":"","ocean_menu_link_color":"","ocean_menu_link_color_hover":"","ocean_menu_link_color_active":"","ocean_menu_link_background":"","ocean_menu_link_hover_background":"","ocean_menu_link_active_background":"","ocean_menu_social_links_bg":"","ocean_menu_social_hover_links_bg":"","ocean_menu_social_links_color":"","ocean_menu_social_hover_links_color":"","ocean_disable_title":"on","ocean_disable_heading":"default","ocean_post_title":"","ocean_post_subheading":"","ocean_post_title_style":"","ocean_post_title_background_color":"","ocean_post_title_background":0,"ocean_post_title_bg_image_position":"","ocean_post_title_bg_image_attachment":"","ocean_post_title_bg_image_repeat":"","ocean_post_title_bg_image_size":"","ocean_post_title_height":0,"ocean_post_title_bg_overlay":0.5,"ocean_post_title_bg_overlay_color":"","ocean_disable_breadcrumbs":"default","ocean_breadcrumbs_color":"","ocean_breadcrumbs_separator_color":"","ocean_breadcrumbs_links_color":"","ocean_breadcrumbs_links_hover_color":"","ocean_display_footer_widgets":"on","ocean_display_footer_bottom":"off","ocean_custom_footer_template":"","footnotes":""},"class_list":["post-425","page","type-page","status-publish","hentry","entry"],"_links":{"self":[{"href":"https:\/\/www.xn--rfenacht-fahrzeugbau-pec.ch\/index.php\/wp-json\/wp\/v2\/pages\/425","targetHints":{"allow":["GET"]}}],"collection":[{"href":"https:\/\/www.xn--rfenacht-fahrzeugbau-pec.ch\/index.php\/wp-json\/wp\/v2\/pages"}],"about":[{"href":"https:\/\/www.xn--rfenacht-fahrzeugbau-pec.ch\/index.php\/wp-json\/wp\/v2\/types\/page"}],"author":[{"embeddable":true,"href":"https:\/\/www.xn--rfenacht-fahrzeugbau-pec.ch\/index.php\/wp-json\/wp\/v2\/users\/1"}],"replies":[{"embeddable":true,"href":"https:\/\/www.xn--rfenacht-fahrzeugbau-pec.ch\/index.php\/wp-json\/wp\/v2\/comments?post=425"}],"version-history":[{"count":22,"href":"https:\/\/www.xn--rfenacht-fahrzeugbau-pec.ch\/index.php\/wp-json\/wp\/v2\/pages\/425\/revisions"}],"predecessor-version":[{"id":767,"href":"https:\/\/www.xn--rfenacht-fahrzeugbau-pec.ch\/index.php\/wp-json\/wp\/v2\/pages\/425\/revisions\/767"}],"wp:attachment":[{"href":"https:\/\/www.xn--rfenacht-fahrzeugbau-pec.ch\/index.php\/wp-json\/wp\/v2\/media?parent=425"}],"curies":[{"name":"wp","href":"https:\/\/api.w.org\/{rel}","templated":true}]}}