{"id":167,"date":"2025-02-15T21:43:13","date_gmt":"2025-02-15T21:43:13","guid":{"rendered":"https:\/\/www.xn--rfenacht-fahrzeugbau-pec.ch\/?page_id=167"},"modified":"2025-02-26T00:47:20","modified_gmt":"2025-02-26T00:47:20","slug":"team","status":"publish","type":"page","link":"https:\/\/www.xn--rfenacht-fahrzeugbau-pec.ch\/index.php\/team\/","title":{"rendered":"Team"},"content":{"rendered":"\t\t<div data-elementor-type=\"wp-page\" data-elementor-id=\"167\" class=\"elementor elementor-167\">\n\t\t\t\t<div class=\"elementor-element elementor-element-e2fca75 e-flex e-con-boxed e-con e-parent\" data-id=\"e2fca75\" data-element_type=\"container\" data-settings=\"{&quot;background_background&quot;:&quot;classic&quot;,&quot;shape_divider_top&quot;:&quot;opacity-fan&quot;}\">\n\t\t\t\t\t<div class=\"e-con-inner\">\n\t\t\t\t<div class=\"elementor-shape elementor-shape-top\" aria-hidden=\"true\" data-negative=\"false\">\n\t\t\t<svg xmlns=\"http:\/\/www.w3.org\/2000\/svg\" viewBox=\"0 0 283.5 19.6\" preserveAspectRatio=\"none\">\n\t<path class=\"elementor-shape-fill\" style=\"opacity:0.33\" d=\"M0 0L0 18.8 141.8 4.1 283.5 18.8 283.5 0z\"\/>\n\t<path class=\"elementor-shape-fill\" style=\"opacity:0.33\" d=\"M0 0L0 12.6 141.8 4 283.5 12.6 283.5 0z\"\/>\n\t<path class=\"elementor-shape-fill\" style=\"opacity:0.33\" d=\"M0 0L0 6.4 141.8 4 283.5 6.4 283.5 0z\"\/>\n\t<path class=\"elementor-shape-fill\" d=\"M0 0L0 1.2 141.8 4 283.5 1.2 283.5 0z\"\/>\n<\/svg>\t\t<\/div>\n\t\t<div class=\"elementor-element elementor-element-d21752c e-con-full e-flex e-con e-child\" data-id=\"d21752c\" data-element_type=\"container\" data-settings=\"{&quot;background_background&quot;:&quot;classic&quot;}\">\n\t\t\t\t<div class=\"elementor-element elementor-element-64e6d8b elementor-widget elementor-widget-heading\" data-id=\"64e6d8b\" data-element_type=\"widget\" data-widget_type=\"heading.default\">\n\t\t\t\t\t<h2 class=\"elementor-heading-title elementor-size-default\">UNTERNEHMEN<br>\nTeam<\/h2>\t\t\t\t<\/div>\n\t\t\t\t<\/div>\n\t\t<div class=\"elementor-element elementor-element-752aa56 e-con-full e-flex e-con e-child\" data-id=\"752aa56\" data-element_type=\"container\" data-settings=\"{&quot;background_background&quot;:&quot;classic&quot;}\">\n\t\t\t\t<div class=\"elementor-element elementor-element-c9eb88b elementor-widget elementor-widget-heading\" data-id=\"c9eb88b\" data-element_type=\"widget\" data-widget_type=\"heading.default\">\n\t\t\t\t\t<h2 class=\"elementor-heading-title elementor-size-default\">F\u00fcr jedes Problem die richtige L\u00f6sung<\/h2>\t\t\t\t<\/div>\n\t\t\t\t<\/div>\n\t\t\t\t\t<\/div>\n\t\t\t\t<\/div>\n\t\t<div class=\"elementor-element elementor-element-3b7400e e-flex e-con-boxed e-con e-parent\" data-id=\"3b7400e\" data-element_type=\"container\" data-settings=\"{&quot;background_background&quot;:&quot;classic&quot;}\">\n\t\t\t\t\t<div class=\"e-con-inner\">\n\t\t<div class=\"elementor-element elementor-element-500225c e-con-full e-flex e-con e-child\" data-id=\"500225c\" data-element_type=\"container\" data-settings=\"{&quot;background_background&quot;:&quot;classic&quot;}\">\n\t\t\t\t<div class=\"elementor-element elementor-element-5941731 elementor-widget elementor-widget-text-editor\" data-id=\"5941731\" data-element_type=\"widget\" data-widget_type=\"text-editor.default\">\n\t\t\t\t\t\t\t\t\t<p><strong><a href=\"https:\/\/www.xn--rfenacht-fahrzeugbau-pec.ch\/index.php\/unternehmen-kurzportraet\/\">Kurzportr\u00e4t<\/a>\u00a0<\/strong> \u00a0 <a href=\"https:\/\/www.xn--rfenacht-fahrzeugbau-pec.ch\/index.php\/lageplan\/\">Lageplan<\/a>\u00a0 \u00a0 <strong><a href=\"https:\/\/www.xn--rfenacht-fahrzeugbau-pec.ch\/index.php\/datenschutzrichtlinien\/\">Datenschutzrichtlinien\u00a0<\/a> \u00a0 <a href=\"https:\/\/www.xn--rfenacht-fahrzeugbau-pec.ch\/index.php\/agb\/\">Allgemeine Gesch\u00e4ftsbedingungen<\/a><\/strong><\/p>\t\t\t\t\t\t\t\t<\/div>\n\t\t\t\t<\/div>\n\t\t<div class=\"elementor-element elementor-element-9eef1d4 e-con-full e-flex e-con e-child\" data-id=\"9eef1d4\" data-element_type=\"container\">\n\t\t\t\t<div class=\"elementor-element elementor-element-ddea36d elementor-widget elementor-widget-heading\" data-id=\"ddea36d\" data-element_type=\"widget\" data-widget_type=\"heading.default\">\n\t\t\t\t\t<h2 class=\"elementor-heading-title elementor-size-default\">Team<\/h2>\t\t\t\t<\/div>\n\t\t\t\t<\/div>\n\t\t<div class=\"elementor-element elementor-element-ea609a1 e-con-full e-flex e-con e-child\" data-id=\"ea609a1\" data-element_type=\"container\">\n\t\t\t\t<div class=\"elementor-element elementor-element-e2ec945 elementor-widget elementor-widget-image\" data-id=\"e2ec945\" data-element_type=\"widget\" data-widget_type=\"image.default\">\n\t\t\t\t\t\t\t\t\t\t\t\t\t\t\t<img decoding=\"async\" width=\"150\" height=\"150\" src=\"https:\/\/www.xn--rfenacht-fahrzeugbau-pec.ch\/wp-content\/uploads\/P1-Home\/hp_ruefenacht-150x150.jpg\" class=\"attachment-thumbnail size-thumbnail wp-image-172\" alt=\"\" \/>\t\t\t\t\t\t\t\t\t\t\t\t\t\t\t<\/div>\n\t\t\t\t<\/div>\n\t\t<div class=\"elementor-element elementor-element-877c826 e-con-full e-flex e-con e-child\" data-id=\"877c826\" data-element_type=\"container\">\n\t\t\t\t<div class=\"elementor-element elementor-element-555366e elementor-widget elementor-widget-text-editor\" data-id=\"555366e\" data-element_type=\"widget\" data-widget_type=\"text-editor.default\">\n\t\t\t\t\t\t\t\t\t<p><strong>Hans-Peter R\u00fcfenacht<\/strong><br \/>Inhaber \/ Gesch\u00e4ftsf\u00fchrer \/ Verkauf<\/p>\t\t\t\t\t\t\t\t<\/div>\n\t\t\t\t<\/div>\n\t\t<div class=\"elementor-element elementor-element-f5be03c e-con-full e-flex e-con e-child\" data-id=\"f5be03c\" data-element_type=\"container\">\n\t\t\t\t<div class=\"elementor-element elementor-element-f44c112 elementor-widget elementor-widget-image\" data-id=\"f44c112\" data-element_type=\"widget\" data-widget_type=\"image.default\">\n\t\t\t\t\t\t\t\t\t\t\t\t\t\t\t<img decoding=\"async\" width=\"150\" height=\"150\" src=\"https:\/\/www.xn--rfenacht-fahrzeugbau-pec.ch\/wp-content\/uploads\/P1-Home\/ursi_ruefenacht-150x150.jpg\" class=\"attachment-thumbnail size-thumbnail wp-image-173\" alt=\"\" srcset=\"https:\/\/www.xn--rfenacht-fahrzeugbau-pec.ch\/wp-content\/uploads\/P1-Home\/ursi_ruefenacht-150x150.jpg 150w, https:\/\/www.xn--rfenacht-fahrzeugbau-pec.ch\/wp-content\/uploads\/P1-Home\/ursi_ruefenacht.jpg 250w\" sizes=\"(max-width: 150px) 100vw, 150px\" \/>\t\t\t\t\t\t\t\t\t\t\t\t\t\t\t<\/div>\n\t\t\t\t<\/div>\n\t\t<div class=\"elementor-element elementor-element-c6c3df7 e-con-full e-flex e-con e-child\" data-id=\"c6c3df7\" data-element_type=\"container\">\n\t\t\t\t<div class=\"elementor-element elementor-element-423b888 elementor-widget elementor-widget-text-editor\" data-id=\"423b888\" data-element_type=\"widget\" data-widget_type=\"text-editor.default\">\n\t\t\t\t\t\t\t\t\t<p><strong>Ursula R\u00fcfenacht<\/strong><br \/>Administration \/ Buchhaltung<\/p><p>Bild folgt<br \/><strong>Roger R\u00fcfenacht<\/strong><br \/>Technik \/ Elektrik \/ Fahrzeugbau \/ Reparaturen<br \/><br \/><br \/>Bild folgt<br \/><strong>Kevin R\u00fcfenacht<\/strong><br \/>Fahrzeugbau \/ Hydraulik \/ Reparaturen<br \/><br \/>Bild folg<br \/><strong>Marco R\u00fcfenacht<\/strong><br \/>Fahrzeugbau \/ Hydraulik \/ Reparaturen<br \/><br \/>Bild folgt<br \/><strong>Arne Schulz<\/strong><br \/>Fahrzeugbau \/ Hydraulik \/ Reparaturen<\/p>\t\t\t\t\t\t\t\t<\/div>\n\t\t\t\t<\/div>\n\t\t\t\t\t<\/div>\n\t\t\t\t<\/div>\n\t\t\t\t<section class=\"elementor-section elementor-top-section elementor-element elementor-element-f736b13 elementor-section-content-top elementor-section-full_width elementor-section-height-default elementor-section-height-default\" data-id=\"f736b13\" data-element_type=\"section\" data-settings=\"{&quot;background_background&quot;:&quot;classic&quot;}\">\n\t\t\t\t\t\t\t<div class=\"elementor-background-overlay\"><\/div>\n\t\t\t\t\t\t\t<div class=\"elementor-container elementor-column-gap-default\">\n\t\t\t\t\t<div class=\"elementor-column elementor-col-100 elementor-top-column elementor-element elementor-element-3d8acc31\" data-id=\"3d8acc31\" data-element_type=\"column\">\n\t\t\t<div class=\"elementor-widget-wrap elementor-element-populated\">\n\t\t\t\t<div class=\"elementor-element elementor-element-2fcab1a1 e-flex e-con-boxed e-con e-parent\" data-id=\"2fcab1a1\" data-element_type=\"container\" data-settings=\"{&quot;background_background&quot;:&quot;classic&quot;,&quot;shape_divider_bottom&quot;:&quot;opacity-fan&quot;}\">\n\t\t\t\t\t<div class=\"e-con-inner\">\n\t\t\t\t<div class=\"elementor-shape elementor-shape-bottom\" aria-hidden=\"true\" data-negative=\"false\">\n\t\t\t<svg xmlns=\"http:\/\/www.w3.org\/2000\/svg\" viewBox=\"0 0 283.5 19.6\" preserveAspectRatio=\"none\">\n\t<path class=\"elementor-shape-fill\" style=\"opacity:0.33\" d=\"M0 0L0 18.8 141.8 4.1 283.5 18.8 283.5 0z\"\/>\n\t<path class=\"elementor-shape-fill\" style=\"opacity:0.33\" d=\"M0 0L0 12.6 141.8 4 283.5 12.6 283.5 0z\"\/>\n\t<path class=\"elementor-shape-fill\" style=\"opacity:0.33\" d=\"M0 0L0 6.4 141.8 4 283.5 6.4 283.5 0z\"\/>\n\t<path class=\"elementor-shape-fill\" d=\"M0 0L0 1.2 141.8 4 283.5 1.2 283.5 0z\"\/>\n<\/svg>\t\t<\/div>\n\t\t\t\t<div class=\"elementor-element elementor-element-60e4f5aa elementor-widget elementor-widget-text-editor\" data-id=\"60e4f5aa\" data-element_type=\"widget\" data-widget_type=\"text-editor.default\">\n\t\t\t\t\t\t\t\t\t<p style=\"text-align: right;\"><a href=\"https:\/\/www.xn--rfenacht-fahrzeugbau-pec.ch\/index.php\/datenschutzrichtlinien\/\">Datenschutzrichtlinien<\/a><\/p><p>R\u00fcfenacht GmbH Schlosserei &amp; Fahrzeugbau, Hauptstrasse 239, CH-4814 Bottenwil<br \/>info@ruefenacht-fahrzeugbau.ch<\/p><p style=\"text-align: left;\"><a href=\"https:\/\/www.xn--rfenacht-fahrzeugbau-pec.ch\/index.php\/kontakte\/\">Kontakte<\/a><\/p>\t\t\t\t\t\t\t\t<\/div>\n\t\t\t\t\t<\/div>\n\t\t\t\t<\/div>\n\t\t\t\t\t<\/div>\n\t\t<\/div>\n\t\t\t\t\t<\/div>\n\t\t<\/section>\n\t\t\t\t<\/div>\n\t\t","protected":false},"excerpt":{"rendered":"<p>UNTERNEHMEN Team F\u00fcr jedes Problem die richtige L\u00f6sung Kurzportr\u00e4t\u00a0 \u00a0 Lageplan\u00a0 \u00a0 Datenschutzrichtlinien\u00a0 \u00a0 Allgemeine Gesch\u00e4ftsbedingungen Team Hans-Peter R\u00fcfenachtInhaber \/ Gesch\u00e4ftsf\u00fchrer \/ Verkauf Ursula R\u00fcfenachtAdministration \/ Buchhaltung Bild folgtRoger R\u00fcfenachtTechnik \/ Elektrik \/ Fahrzeugbau \/ Reparaturen Bild folgtKevin R\u00fcfenachtFahrzeugbau \/ Hydraulik \/ Reparaturen Bild folgMarco R\u00fcfenachtFahrzeugbau \/ Hydraulik \/ Reparaturen Bild folgtArne SchulzFahrzeugbau \/ Hydraulik [&hellip;]<\/p>\n","protected":false},"author":1,"featured_media":0,"parent":0,"menu_order":0,"comment_status":"closed","ping_status":"closed","template":"","meta":{"ocean_post_layout":"full-width","ocean_both_sidebars_style":"","ocean_both_sidebars_content_width":0,"ocean_both_sidebars_sidebars_width":0,"ocean_sidebar":"","ocean_second_sidebar":"","ocean_disable_margins":"enable","ocean_add_body_class":"","ocean_shortcode_before_top_bar":"","ocean_shortcode_after_top_bar":"","ocean_shortcode_before_header":"","ocean_shortcode_after_header":"","ocean_has_shortcode":"","ocean_shortcode_after_title":"","ocean_shortcode_before_footer_widgets":"","ocean_shortcode_after_footer_widgets":"","ocean_shortcode_before_footer_bottom":"","ocean_shortcode_after_footer_bottom":"","ocean_display_top_bar":"default","ocean_display_header":"on","ocean_header_style":"","ocean_center_header_left_menu":"","ocean_custom_header_template":"","ocean_custom_logo":0,"ocean_custom_retina_logo":0,"ocean_custom_logo_max_width":0,"ocean_custom_logo_tablet_max_width":0,"ocean_custom_logo_mobile_max_width":0,"ocean_custom_logo_max_height":0,"ocean_custom_logo_tablet_max_height":0,"ocean_custom_logo_mobile_max_height":0,"ocean_header_custom_menu":"4","ocean_menu_typo_font_family":"","ocean_menu_typo_font_subset":"","ocean_menu_typo_font_size":0,"ocean_menu_typo_font_size_tablet":0,"ocean_menu_typo_font_size_mobile":0,"ocean_menu_typo_font_size_unit":"px","ocean_menu_typo_font_weight":"","ocean_menu_typo_font_weight_tablet":"","ocean_menu_typo_font_weight_mobile":"","ocean_menu_typo_transform":"","ocean_menu_typo_transform_tablet":"","ocean_menu_typo_transform_mobile":"","ocean_menu_typo_line_height":0,"ocean_menu_typo_line_height_tablet":0,"ocean_menu_typo_line_height_mobile":0,"ocean_menu_typo_line_height_unit":"","ocean_menu_typo_spacing":0,"ocean_menu_typo_spacing_tablet":0,"ocean_menu_typo_spacing_mobile":0,"ocean_menu_typo_spacing_unit":"","ocean_menu_link_color":"","ocean_menu_link_color_hover":"","ocean_menu_link_color_active":"","ocean_menu_link_background":"","ocean_menu_link_hover_background":"","ocean_menu_link_active_background":"","ocean_menu_social_links_bg":"","ocean_menu_social_hover_links_bg":"","ocean_menu_social_links_color":"","ocean_menu_social_hover_links_color":"","ocean_disable_title":"on","ocean_disable_heading":"default","ocean_post_title":"","ocean_post_subheading":"","ocean_post_title_style":"","ocean_post_title_background_color":"","ocean_post_title_background":0,"ocean_post_title_bg_image_position":"","ocean_post_title_bg_image_attachment":"","ocean_post_title_bg_image_repeat":"","ocean_post_title_bg_image_size":"","ocean_post_title_height":0,"ocean_post_title_bg_overlay":0.5,"ocean_post_title_bg_overlay_color":"","ocean_disable_breadcrumbs":"default","ocean_breadcrumbs_color":"","ocean_breadcrumbs_separator_color":"","ocean_breadcrumbs_links_color":"","ocean_breadcrumbs_links_hover_color":"","ocean_display_footer_widgets":"on","ocean_display_footer_bottom":"off","ocean_custom_footer_template":"","footnotes":""},"class_list":["post-167","page","type-page","status-publish","hentry","entry"],"_links":{"self":[{"href":"https:\/\/www.xn--rfenacht-fahrzeugbau-pec.ch\/index.php\/wp-json\/wp\/v2\/pages\/167","targetHints":{"allow":["GET"]}}],"collection":[{"href":"https:\/\/www.xn--rfenacht-fahrzeugbau-pec.ch\/index.php\/wp-json\/wp\/v2\/pages"}],"about":[{"href":"https:\/\/www.xn--rfenacht-fahrzeugbau-pec.ch\/index.php\/wp-json\/wp\/v2\/types\/page"}],"author":[{"embeddable":true,"href":"https:\/\/www.xn--rfenacht-fahrzeugbau-pec.ch\/index.php\/wp-json\/wp\/v2\/users\/1"}],"replies":[{"embeddable":true,"href":"https:\/\/www.xn--rfenacht-fahrzeugbau-pec.ch\/index.php\/wp-json\/wp\/v2\/comments?post=167"}],"version-history":[{"count":46,"href":"https:\/\/www.xn--rfenacht-fahrzeugbau-pec.ch\/index.php\/wp-json\/wp\/v2\/pages\/167\/revisions"}],"predecessor-version":[{"id":883,"href":"https:\/\/www.xn--rfenacht-fahrzeugbau-pec.ch\/index.php\/wp-json\/wp\/v2\/pages\/167\/revisions\/883"}],"wp:attachment":[{"href":"https:\/\/www.xn--rfenacht-fahrzeugbau-pec.ch\/index.php\/wp-json\/wp\/v2\/media?parent=167"}],"curies":[{"name":"wp","href":"https:\/\/api.w.org\/{rel}","templated":true}]}}