{"id":144,"date":"2025-02-15T17:33:06","date_gmt":"2025-02-15T17:33:06","guid":{"rendered":"https:\/\/www.xn--rfenacht-fahrzeugbau-pec.ch\/?page_id=144"},"modified":"2025-02-26T00:51:18","modified_gmt":"2025-02-26T00:51:18","slug":"datenschutzrichtlinien","status":"publish","type":"page","link":"https:\/\/www.xn--rfenacht-fahrzeugbau-pec.ch\/index.php\/datenschutzrichtlinien\/","title":{"rendered":"Datenschutzrichtlinien"},"content":{"rendered":"\t\t<div data-elementor-type=\"wp-page\" data-elementor-id=\"144\" class=\"elementor elementor-144\">\n\t\t\t\t<div class=\"elementor-element elementor-element-e2fca75 e-flex e-con-boxed e-con e-parent\" data-id=\"e2fca75\" data-element_type=\"container\" data-settings=\"{&quot;background_background&quot;:&quot;classic&quot;}\">\n\t\t\t\t\t<div class=\"e-con-inner\">\n\t\t<div class=\"elementor-element elementor-element-d21752c e-con-full e-flex e-con e-child\" data-id=\"d21752c\" data-element_type=\"container\" data-settings=\"{&quot;background_background&quot;:&quot;classic&quot;}\">\n\t\t\t\t<div class=\"elementor-element elementor-element-64e6d8b elementor-widget elementor-widget-heading\" data-id=\"64e6d8b\" data-element_type=\"widget\" data-widget_type=\"heading.default\">\n\t\t\t\t\t<h2 class=\"elementor-heading-title elementor-size-default\">UNTERNEHMEN<br>\nDatenschutzrichtlinien<\/h2>\t\t\t\t<\/div>\n\t\t\t\t<\/div>\n\t\t<div class=\"elementor-element elementor-element-752aa56 e-con-full e-flex e-con e-child\" data-id=\"752aa56\" data-element_type=\"container\" data-settings=\"{&quot;background_background&quot;:&quot;classic&quot;}\">\n\t\t\t\t<div class=\"elementor-element elementor-element-c9eb88b elementor-widget elementor-widget-heading\" data-id=\"c9eb88b\" data-element_type=\"widget\" data-widget_type=\"heading.default\">\n\t\t\t\t\t<h2 class=\"elementor-heading-title elementor-size-default\">F\u00fcr jedes Problem die richtige L\u00f6sung<\/h2>\t\t\t\t<\/div>\n\t\t\t\t<\/div>\n\t\t\t\t\t<\/div>\n\t\t\t\t<\/div>\n\t\t<div class=\"elementor-element elementor-element-3b7400e e-flex e-con-boxed e-con e-parent\" data-id=\"3b7400e\" data-element_type=\"container\" data-settings=\"{&quot;background_background&quot;:&quot;classic&quot;}\">\n\t\t\t\t\t<div class=\"e-con-inner\">\n\t\t<div class=\"elementor-element elementor-element-500225c e-con-full e-flex e-con e-child\" data-id=\"500225c\" data-element_type=\"container\" data-settings=\"{&quot;background_background&quot;:&quot;classic&quot;}\">\n\t\t\t\t<div class=\"elementor-element elementor-element-93e5664 elementor-widget elementor-widget-text-editor\" data-id=\"93e5664\" data-element_type=\"widget\" data-widget_type=\"text-editor.default\">\n\t\t\t\t\t\t\t\t\t<p><a href=\"https:\/\/www.xn--rfenacht-fahrzeugbau-pec.ch\/index.php\/unternehmen-kurzportraet\/\">Kurzportr\u00e4t<\/a>\u00a0 \u00a0 <a href=\"https:\/\/www.xn--rfenacht-fahrzeugbau-pec.ch\/index.php\/team\/\">Team<\/a>\u00a0 \u00a0 <a href=\"https:\/\/www.xn--rfenacht-fahrzeugbau-pec.ch\/index.php\/lageplan\/\">Lageplan<\/a>\u00a0 \u00a0 <a href=\"https:\/\/www.xn--rfenacht-fahrzeugbau-pec.ch\/index.php\/agb\/\">Allgemeine Gesch\u00e4ftsbedingungen<\/a><\/p>\t\t\t\t\t\t\t\t<\/div>\n\t\t\t\t<\/div>\n\t\t<div class=\"elementor-element elementor-element-1e02278 e-con-full e-flex e-con e-child\" data-id=\"1e02278\" data-element_type=\"container\">\n\t\t\t\t<div class=\"elementor-element elementor-element-f6e49d7 elementor-widget elementor-widget-text-editor\" data-id=\"f6e49d7\" data-element_type=\"widget\" data-widget_type=\"text-editor.default\">\n\t\t\t\t\t\t\t\t\t<h2><span style=\"text-decoration: underline;\"><strong>Datenschutzerkl\u00e4rung<\/strong><\/span><\/h2><p>Diese Datenschutzerkl\u00e4rung kl\u00e4rt Sie \u00fcber die Art, den Umfang und Zweck der Bearbeitung von Personendaten (nachfolgend kurz \u201eDaten\u201c) im Rahmen der Erbringung unserer Leistungen sowie innerhalb unseres Onlineangebotes und der mit ihm verbundenen Webseiten, Funktionen und Inhalte.<\/p><p>\u00a0<\/p>\t\t\t\t\t\t\t\t<\/div>\n\t\t\t\t<\/div>\n\t\t<div class=\"elementor-element elementor-element-00ba0db e-con-full e-flex e-con e-child\" data-id=\"00ba0db\" data-element_type=\"container\">\n\t\t\t\t<div class=\"elementor-element elementor-element-a05fa5b elementor-widget elementor-widget-text-editor\" data-id=\"a05fa5b\" data-element_type=\"widget\" data-widget_type=\"text-editor.default\">\n\t\t\t\t\t\t\t\t\t<h2><strong>Verantwortlicher<\/strong><\/h2><p>Verantwortliche Stelle im Sinne der Datenschutzgesetze, insbesondere der EU-Datenschutzgrundverordnung (DSGVO), lautet:<\/p><p>\u00a0<\/p><p>Hans-Peter R\u00fcfenacht<\/p><p>\u00a0<\/p><p>R\u00fcfenacht GmbH Schlosserei und Fahrzeugbau<br \/>Hauptstrasse 239<br \/>CH- 4814 Bottenwil<\/p><p>\u00a0<\/p><p>Mobile +41 (0)79 743 88 24<br \/>Tel +41 (0)62 721 24 44<br \/>Fax +41 (0)62 721 24 89<\/p><p>\u00a0<\/p><p>E-Mail:<a href=\"mailto:info@ruefenacht-fahrzeugbau.ch\"><span style=\"text-decoration: underline;\"> info@ruefenacht-fahrzeugbau.ch<\/span><\/a> <br \/>Webseite: <span style=\"text-decoration: underline;\"><a href=\"http:\/\/www.r\u00fcfenacht.fahrzeugbau.ch\">www.r\u00fcfenacht-fahrzeigbau.ch<\/a><\/span><\/p><p>\u00a0<\/p>\t\t\t\t\t\t\t\t<\/div>\n\t\t\t\t<\/div>\n\t\t<div class=\"elementor-element elementor-element-74feda5 e-con-full e-flex e-con e-child\" data-id=\"74feda5\" data-element_type=\"container\">\n\t\t\t\t<div class=\"elementor-element elementor-element-7e7f708 elementor-widget elementor-widget-text-editor\" data-id=\"7e7f708\" data-element_type=\"widget\" data-widget_type=\"text-editor.default\">\n\t\t\t\t\t\t\t\t\t<h3>Welche personenbezogenen Daten wir sammeln und warum wir sie sammeln<\/h3><p>Wenn Sie auf diese Webseite zugreifen werden automatisch Informationen allgemeiner Natur erfasst. Diese Informationen werden im Server-Logfile erfasst und beinhalten die Art des Webbrowsers, das verwendete Betriebssystem, den Domainnamen Ihres Internet-Service-Providers, Ihre IP-Adresse und \u00e4hnliches.<br \/>Dies aus folgendem Grund:<\/p><ul><li>Sicherstellung eines problemlosen Verbindungsaufbaus der Website<\/li><li>\u00a0Sicherstellung einer reibungslosen Nutzung unserer Website<\/li><li>\u00a0Auswertung der Systemsicherheit und -stabilit\u00e4t sowie<\/li><li>\u00a0zu weiteren administrativen Zwecken<\/li><\/ul><p>Ihre Daten werden nicht verwendet, um R\u00fcckschl\u00fcsse auf Ihre Person zu ziehen. Informationen dieser Art werden lediglich statistisch ausgewertet, um unseren Internetauftritt und die dahinterstehende Technik zu optimieren.<br \/>Sie haben auf unserer Webseite die M\u00f6glichkeit, per E-Mail, Online-Formular sowie telefonisch, mit uns in Kontakt zu treten. Welche Daten im Falle einer Kontaktaufnahme per E-Mail\/Online-Formular dabei erhoben werden, ist dem jeweiligen Raster zu entnehmen.<\/p><ul><li>Bestandsdaten (z.B., Personen-Stammdaten, Namen oder Adressen)<\/li><li>Kontaktdaten (z.B., E-Mail, Telefonnummern)<\/li><li>Inhaltsdaten (z.B., Texteingaben, Fotografien, Videos)<\/li><\/ul>\t\t\t\t\t\t\t\t<\/div>\n\t\t\t\t<\/div>\n\t\t<div class=\"elementor-element elementor-element-c594b0d e-con-full e-flex e-con e-child\" data-id=\"c594b0d\" data-element_type=\"container\">\n\t\t\t\t<div class=\"elementor-element elementor-element-59d7d44 elementor-widget elementor-widget-text-editor\" data-id=\"59d7d44\" data-element_type=\"widget\" data-widget_type=\"text-editor.default\">\n\t\t\t\t\t\t\t\t\t<h3>Kategorien betroffener Personen<\/h3><p>Besucher und Nutzer des Onlineangebotes, Kunden, Vertragspartner, Angestellte (Nachfolgend bezeichnen wir die betroffenen Personen zusammenfassend auch als \u201eBenutzer\u201c).<\/p>\t\t\t\t\t\t\t\t<\/div>\n\t\t\t\t<\/div>\n\t\t<div class=\"elementor-element elementor-element-e2a2880 e-con-full e-flex e-con e-child\" data-id=\"e2a2880\" data-element_type=\"container\">\n\t\t\t\t<div class=\"elementor-element elementor-element-7b52884 elementor-widget elementor-widget-text-editor\" data-id=\"7b52884\" data-element_type=\"widget\" data-widget_type=\"text-editor.default\">\n\t\t\t\t\t\t\t\t\t<h3>Zweck der Verarbeitung<\/h3><ul><li>\u00a0Zurverf\u00fcgungstellung des Onlineangebotes, seiner Funktionen und Inhalte.<\/li><li>Beantwortung von Kontaktanfragen und Kommunikation mit Benutzern.<\/li><li>\u00a0Sicherheitsmassnahmen<\/li><\/ul><p>\u00a0<\/p>\t\t\t\t\t\t\t\t<\/div>\n\t\t\t\t<\/div>\n\t\t<div class=\"elementor-element elementor-element-58bee98 e-con-full e-flex e-con e-child\" data-id=\"58bee98\" data-element_type=\"container\">\n\t\t\t\t<div class=\"elementor-element elementor-element-e9fb52a elementor-widget elementor-widget-text-editor\" data-id=\"e9fb52a\" data-element_type=\"widget\" data-widget_type=\"text-editor.default\">\n\t\t\t\t\t\t\t\t\t<h3>Cookies<\/h3><p>Wenn Sie einen Kommentar auf unserer Website schreiben, kann das eine Einwilligung sein, Ihren Namen, E-Mail-Adresse und Website in Cookies zu speichern. Dies ist eine Komfortfunktion, damit Sie nicht, wenn Sie einen weiteren Kommentar schreiben, all diese Daten erneut eingeben m\u00fcssen. Diese Cookies werden ein Jahr lang gespeichert.<\/p><p>\u00a0<\/p>\t\t\t\t\t\t\t\t<\/div>\n\t\t\t\t<\/div>\n\t\t<div class=\"elementor-element elementor-element-2a98cd4 e-con-full e-flex e-con e-child\" data-id=\"2a98cd4\" data-element_type=\"container\">\n\t\t\t\t<div class=\"elementor-element elementor-element-95813bb elementor-widget elementor-widget-text-editor\" data-id=\"95813bb\" data-element_type=\"widget\" data-widget_type=\"text-editor.default\">\n\t\t\t\t\t\t\t\t\t<h3>Verwendung von Scriptbibliotheken (Google Webfonts)<\/h3><p><br \/>Um unsere Inhalte browser\u00fcbergreifend korrekt und grafisch ansprechend darzustellen, verwenden wir auf dieser Website \u201eGoogle Web Fonts\u201c der Google LLC (1600 Amphitheatre Parkway, Mountain View, CA 94043, USA; nachfolgend \u201eGoogle\u201c) zur Darstellung von Schriften.<br \/>Die Datenschutzrichtlinie des Bibliothekbetreibers Google finden Sie hier:<br \/><span style=\"text-decoration: underline;\"><strong><a href=\"https:\/\/www.google.com\/policies\/privacy\/\">https:\/\/www.google.com\/policies\/privacy\/<\/a><\/strong><\/span><\/p><p>\u00a0<\/p>\t\t\t\t\t\t\t\t<\/div>\n\t\t\t\t<\/div>\n\t\t<div class=\"elementor-element elementor-element-b43b31f e-con-full e-flex e-con e-child\" data-id=\"b43b31f\" data-element_type=\"container\">\n\t\t\t\t<div class=\"elementor-element elementor-element-a160d59 elementor-widget elementor-widget-text-editor\" data-id=\"a160d59\" data-element_type=\"widget\" data-widget_type=\"text-editor.default\">\n\t\t\t\t\t\t\t\t\t<h3>Eingebettete Inhalte von anderen Websites<\/h3><p><br \/>Beitr\u00e4ge auf dieser Website k\u00f6nnen eingebettete Inhalte beinhalten (z. B. Videos, Bilder, Beitr\u00e4ge etc.). Eingebettete Inhalte von anderen Websites verhalten sich exakt so, als ob der Besucher die andere Website besucht h\u00e4tte.<br \/>Diese Websites k\u00f6nnen Daten \u00fcber Sie sammeln, Cookies benutzen, zus\u00e4tzliche Tracking-Dienste von Dritten einbetten und Ihre Interaktion mit diesem eingebetteten Inhalt aufzeichnen, inklusive Ihrer Interaktion mit dem eingebetteten Inhalt, falls Sie ein Konto haben und auf dieser Website angemeldet sind.<\/p><p>\u00a0<\/p>\t\t\t\t\t\t\t\t<\/div>\n\t\t\t\t<\/div>\n\t\t<div class=\"elementor-element elementor-element-23bf348 e-con-full e-flex e-con e-child\" data-id=\"23bf348\" data-element_type=\"container\">\n\t\t\t\t<div class=\"elementor-element elementor-element-86f046c elementor-widget elementor-widget-text-editor\" data-id=\"86f046c\" data-element_type=\"widget\" data-widget_type=\"text-editor.default\">\n\t\t\t\t\t\t\t\t\t<h3>Verwendung von Google Maps<\/h3><p><br \/>Auf dieser Webseite nutzen wir das Angebot von Google Maps. Google Maps wird von Google LLC, 1600 Amphitheatre Parkway, Mountain View, CA 94043, USA (nachfolgend \u201eGoogle\u201c) betrieben. Dadurch k\u00f6nnen wir Ihnen interaktive Karten direkt in der Webseite anzeigen und erm\u00f6glichen Ihnen die komfortable Nutzung der Karten-Funktion.<br \/>N\u00e4here Informationen \u00fcber die Datenverarbeitung durch Google k\u00f6nnen Sie den Google-Datenschutzhinweisen entnehmen. Dort k\u00f6nnen Sie im Datenschutzcenter auch Ihre pers\u00f6nlichen Datenschutz-Einstellungen ver\u00e4ndern.<\/p>\t\t\t\t\t\t\t\t<\/div>\n\t\t\t\t<\/div>\n\t\t<div class=\"elementor-element elementor-element-c0a305b e-con-full e-flex e-con e-child\" data-id=\"c0a305b\" data-element_type=\"container\">\n\t\t\t\t<div class=\"elementor-element elementor-element-e2680cc elementor-widget elementor-widget-text-editor\" data-id=\"e2680cc\" data-element_type=\"widget\" data-widget_type=\"text-editor.default\">\n\t\t\t\t\t\t\t\t\t<h3>Wie lange wir Ihre Daten speichern<\/h3><p><br \/>Die Daten werden gel\u00f6scht, sobald diese f\u00fcr den Zweck der Erhebung nicht mehr erforderlich sind. Dies ist f\u00fcr die Daten, die der Bereitstellung der Webseite dienen, grunds\u00e4tzlich der Fall, wenn die jeweilige Sitzung beendet ist.<\/p><p>\u00a0<\/p>\t\t\t\t\t\t\t\t<\/div>\n\t\t\t\t<\/div>\n\t\t<div class=\"elementor-element elementor-element-b11f797 e-con-full e-flex e-con e-child\" data-id=\"b11f797\" data-element_type=\"container\">\n\t\t\t\t<div class=\"elementor-element elementor-element-565d241 elementor-widget elementor-widget-text-editor\" data-id=\"565d241\" data-element_type=\"widget\" data-widget_type=\"text-editor.default\">\n\t\t\t\t\t\t\t\t\t<h3>Welche Rechte Sie an Ihren Daten haben<\/h3><p><br \/>Wenn Sie ein Konto auf dieser Website besitzen oder Kommentare geschrieben haben, k\u00f6nnen Sie einen Export Ihrer personenbezogenen Daten bei uns anfordern, inklusive aller Daten, die Sie uns mitgeteilt haben. Dar\u00fcber hinaus k\u00f6nnen Sie die L\u00f6schung aller personenbezogenen Daten, die wir von Ihnen gespeichert haben, anfordern. Dies umfasst nicht die Daten, die wir aufgrund administrativer, rechtlicher oder sicherheitsrelevanter Notwendigkeiten aufbewahren m\u00fcssen.<\/p>\t\t\t\t\t\t\t\t<\/div>\n\t\t\t\t<\/div>\n\t\t<div class=\"elementor-element elementor-element-2c66d52 e-con-full e-flex e-con e-child\" data-id=\"2c66d52\" data-element_type=\"container\">\n\t\t\t\t<div class=\"elementor-element elementor-element-1fa40db elementor-widget elementor-widget-text-editor\" data-id=\"1fa40db\" data-element_type=\"widget\" data-widget_type=\"text-editor.default\">\n\t\t\t\t\t\t\t\t\t<h3>Wohin wir Ihre Daten senden<\/h3><p>Ihre Daten werden von uns nicht weitergegeben.<\/p><p>\u00a0<\/p>\t\t\t\t\t\t\t\t<\/div>\n\t\t\t\t<\/div>\n\t\t<div class=\"elementor-element elementor-element-286a2b1 e-con-full e-flex e-con e-child\" data-id=\"286a2b1\" data-element_type=\"container\">\n\t\t\t\t<div class=\"elementor-element elementor-element-a8a8f27 elementor-widget elementor-widget-text-editor\" data-id=\"a8a8f27\" data-element_type=\"widget\" data-widget_type=\"text-editor.default\">\n\t\t\t\t\t\t\t\t\t<h3>Social Plugins<\/h3><p>Auf unseren Webseiten werden keine Socialmedia Plugins eingesetzt.<\/p><p>\u00a0<\/p><h3>Google AdWords<\/h3><p>Unsere Webseite nutzt das Google Conversion-Tracking nicht.<\/p><p>\u00a0<\/p>\t\t\t\t\t\t\t\t<\/div>\n\t\t\t\t<\/div>\n\t\t<div class=\"elementor-element elementor-element-8a01eb7 e-con-full e-flex e-con e-child\" data-id=\"8a01eb7\" data-element_type=\"container\">\n\t\t\t\t<div class=\"elementor-element elementor-element-96be4d0 elementor-widget elementor-widget-text-editor\" data-id=\"96be4d0\" data-element_type=\"widget\" data-widget_type=\"text-editor.default\">\n\t\t\t\t\t\t\t\t\t<h3>Wie wir Ihre Daten sch\u00fctzen<\/h3><p>Um die Sicherheit Ihrer Daten bei der \u00dcbertragung zu sch\u00fctzen, verwenden wir dem aktuellen Stand der Technik entsprechende Verschl\u00fcsselungsverfahren (z. B. SSL-Verschl\u00fcsselung) \u00fcber HTTPS.<\/p><p>\u00a0<\/p>\t\t\t\t\t\t\t\t<\/div>\n\t\t\t\t<\/div>\n\t\t<div class=\"elementor-element elementor-element-75d119e e-con-full e-flex e-con e-child\" data-id=\"75d119e\" data-element_type=\"container\">\n\t\t\t\t<div class=\"elementor-element elementor-element-2cf6129 elementor-widget elementor-widget-text-editor\" data-id=\"2cf6129\" data-element_type=\"widget\" data-widget_type=\"text-editor.default\">\n\t\t\t\t\t\t\t\t\t<h4>\u00c4nderungen<\/h4><p>Wir k\u00f6nnen diese Datenschutzerkl\u00e4rung jederzeit ohne Vorank\u00fcndigung anpassen. Es gilt die jeweils aktuelle, auf unserer Website publizierte Fassung.<\/p><p><br \/><br \/><\/p>\t\t\t\t\t\t\t\t<\/div>\n\t\t\t\t<\/div>\n\t\t<div class=\"elementor-element elementor-element-fcb350e e-con-full e-flex e-con e-child\" data-id=\"fcb350e\" data-element_type=\"container\">\n\t\t\t\t<div class=\"elementor-element elementor-element-a323128 elementor-widget elementor-widget-text-editor\" data-id=\"a323128\" data-element_type=\"widget\" data-widget_type=\"text-editor.default\">\n\t\t\t\t\t\t\t\t\t<h3>Fragen an den Datenschutzbeauftragten<\/h3><p>Wenn Sie Fragen zum Datenschutz haben, schreiben Sie uns bitte eine E-Mail oder wenden Sie sich direkt an die f\u00fcr den Datenschutz zu Beginn der Datenschutzerkl\u00e4rung aufgef\u00fchrten, verantwortlichen Person in unserer Organisation.<\/p><p><br \/>Bottenwil den 25.02.2025<\/p>\t\t\t\t\t\t\t\t<\/div>\n\t\t\t\t<\/div>\n\t\t\t\t\t<\/div>\n\t\t\t\t<\/div>\n\t\t\t\t<section class=\"elementor-section elementor-top-section elementor-element elementor-element-570ae078 elementor-section-content-top elementor-section-full_width elementor-section-height-default elementor-section-height-default\" data-id=\"570ae078\" data-element_type=\"section\" data-settings=\"{&quot;background_background&quot;:&quot;classic&quot;}\">\n\t\t\t\t\t\t\t<div class=\"elementor-background-overlay\"><\/div>\n\t\t\t\t\t\t\t<div class=\"elementor-container elementor-column-gap-default\">\n\t\t\t\t\t<div class=\"elementor-column elementor-col-100 elementor-top-column elementor-element elementor-element-1d106d14\" data-id=\"1d106d14\" data-element_type=\"column\">\n\t\t\t<div class=\"elementor-widget-wrap elementor-element-populated\">\n\t\t\t\t<div class=\"elementor-element elementor-element-502217e2 e-flex e-con-boxed e-con e-parent\" data-id=\"502217e2\" data-element_type=\"container\" data-settings=\"{&quot;background_background&quot;:&quot;classic&quot;,&quot;shape_divider_bottom&quot;:&quot;opacity-fan&quot;}\">\n\t\t\t\t\t<div class=\"e-con-inner\">\n\t\t\t\t<div class=\"elementor-shape elementor-shape-bottom\" aria-hidden=\"true\" data-negative=\"false\">\n\t\t\t<svg xmlns=\"http:\/\/www.w3.org\/2000\/svg\" viewBox=\"0 0 283.5 19.6\" preserveAspectRatio=\"none\">\n\t<path class=\"elementor-shape-fill\" style=\"opacity:0.33\" d=\"M0 0L0 18.8 141.8 4.1 283.5 18.8 283.5 0z\"\/>\n\t<path class=\"elementor-shape-fill\" style=\"opacity:0.33\" d=\"M0 0L0 12.6 141.8 4 283.5 12.6 283.5 0z\"\/>\n\t<path class=\"elementor-shape-fill\" style=\"opacity:0.33\" d=\"M0 0L0 6.4 141.8 4 283.5 6.4 283.5 0z\"\/>\n\t<path class=\"elementor-shape-fill\" d=\"M0 0L0 1.2 141.8 4 283.5 1.2 283.5 0z\"\/>\n<\/svg>\t\t<\/div>\n\t\t\t\t<div class=\"elementor-element elementor-element-5f18aedd elementor-widget elementor-widget-text-editor\" data-id=\"5f18aedd\" data-element_type=\"widget\" data-widget_type=\"text-editor.default\">\n\t\t\t\t\t\t\t\t\t<p style=\"text-align: right;\"><a href=\"https:\/\/www.xn--rfenacht-fahrzeugbau-pec.ch\/index.php\/datenschutzrichtlinien\/\">Datenschutzrichtlinien<\/a><\/p><p>R\u00fcfenacht GmbH Schlosserei &amp; Fahrzeugbau, Hauptstrasse 239, CH-4814 Bottenwil<br \/>info@ruefenacht-fahrzeugbau.ch<\/p><p style=\"text-align: left;\"><a href=\"https:\/\/www.xn--rfenacht-fahrzeugbau-pec.ch\/index.php\/kontakte\/\">Kontakte<\/a><\/p>\t\t\t\t\t\t\t\t<\/div>\n\t\t\t\t\t<\/div>\n\t\t\t\t<\/div>\n\t\t\t\t\t<\/div>\n\t\t<\/div>\n\t\t\t\t\t<\/div>\n\t\t<\/section>\n\t\t\t\t<\/div>\n\t\t","protected":false},"excerpt":{"rendered":"<p>UNTERNEHMEN Datenschutzrichtlinien F\u00fcr jedes Problem die richtige L\u00f6sung Kurzportr\u00e4t\u00a0 \u00a0 Team\u00a0 \u00a0 Lageplan\u00a0 \u00a0 Allgemeine Gesch\u00e4ftsbedingungen Datenschutzerkl\u00e4rung Diese Datenschutzerkl\u00e4rung kl\u00e4rt Sie \u00fcber die Art, den Umfang und Zweck der Bearbeitung von Personendaten (nachfolgend kurz \u201eDaten\u201c) im Rahmen der Erbringung unserer Leistungen sowie innerhalb unseres Onlineangebotes und der mit ihm verbundenen Webseiten, Funktionen und Inhalte. \u00a0 [&hellip;]<\/p>\n","protected":false},"author":1,"featured_media":0,"parent":0,"menu_order":0,"comment_status":"closed","ping_status":"closed","template":"","meta":{"ocean_post_layout":"full-width","ocean_both_sidebars_style":"","ocean_both_sidebars_content_width":0,"ocean_both_sidebars_sidebars_width":0,"ocean_sidebar":"sidebar","ocean_second_sidebar":"","ocean_disable_margins":"enable","ocean_add_body_class":"","ocean_shortcode_before_top_bar":"","ocean_shortcode_after_top_bar":"","ocean_shortcode_before_header":"","ocean_shortcode_after_header":"","ocean_has_shortcode":"","ocean_shortcode_after_title":"","ocean_shortcode_before_footer_widgets":"","ocean_shortcode_after_footer_widgets":"","ocean_shortcode_before_footer_bottom":"","ocean_shortcode_after_footer_bottom":"","ocean_display_top_bar":"off","ocean_display_header":"on","ocean_header_style":"minimal","ocean_center_header_left_menu":"","ocean_custom_header_template":"","ocean_custom_logo":0,"ocean_custom_retina_logo":0,"ocean_custom_logo_max_width":0,"ocean_custom_logo_tablet_max_width":0,"ocean_custom_logo_mobile_max_width":0,"ocean_custom_logo_max_height":0,"ocean_custom_logo_tablet_max_height":0,"ocean_custom_logo_mobile_max_height":0,"ocean_header_custom_menu":"4","ocean_menu_typo_font_family":"","ocean_menu_typo_font_subset":"","ocean_menu_typo_font_size":0,"ocean_menu_typo_font_size_tablet":0,"ocean_menu_typo_font_size_mobile":0,"ocean_menu_typo_font_size_unit":"px","ocean_menu_typo_font_weight":"","ocean_menu_typo_font_weight_tablet":"","ocean_menu_typo_font_weight_mobile":"","ocean_menu_typo_transform":"","ocean_menu_typo_transform_tablet":"","ocean_menu_typo_transform_mobile":"","ocean_menu_typo_line_height":0,"ocean_menu_typo_line_height_tablet":0,"ocean_menu_typo_line_height_mobile":0,"ocean_menu_typo_line_height_unit":"","ocean_menu_typo_spacing":0,"ocean_menu_typo_spacing_tablet":0,"ocean_menu_typo_spacing_mobile":0,"ocean_menu_typo_spacing_unit":"","ocean_menu_link_color":"","ocean_menu_link_color_hover":"","ocean_menu_link_color_active":"","ocean_menu_link_background":"","ocean_menu_link_hover_background":"","ocean_menu_link_active_background":"","ocean_menu_social_links_bg":"","ocean_menu_social_hover_links_bg":"","ocean_menu_social_links_color":"","ocean_menu_social_hover_links_color":"","ocean_disable_title":"on","ocean_disable_heading":"default","ocean_post_title":"","ocean_post_subheading":"","ocean_post_title_style":"","ocean_post_title_background_color":"","ocean_post_title_background":0,"ocean_post_title_bg_image_position":"","ocean_post_title_bg_image_attachment":"","ocean_post_title_bg_image_repeat":"","ocean_post_title_bg_image_size":"","ocean_post_title_height":0,"ocean_post_title_bg_overlay":0.5,"ocean_post_title_bg_overlay_color":"","ocean_disable_breadcrumbs":"default","ocean_breadcrumbs_color":"","ocean_breadcrumbs_separator_color":"","ocean_breadcrumbs_links_color":"","ocean_breadcrumbs_links_hover_color":"","ocean_display_footer_widgets":"on","ocean_display_footer_bottom":"off","ocean_custom_footer_template":"","footnotes":""},"class_list":["post-144","page","type-page","status-publish","hentry","entry"],"_links":{"self":[{"href":"https:\/\/www.xn--rfenacht-fahrzeugbau-pec.ch\/index.php\/wp-json\/wp\/v2\/pages\/144","targetHints":{"allow":["GET"]}}],"collection":[{"href":"https:\/\/www.xn--rfenacht-fahrzeugbau-pec.ch\/index.php\/wp-json\/wp\/v2\/pages"}],"about":[{"href":"https:\/\/www.xn--rfenacht-fahrzeugbau-pec.ch\/index.php\/wp-json\/wp\/v2\/types\/page"}],"author":[{"embeddable":true,"href":"https:\/\/www.xn--rfenacht-fahrzeugbau-pec.ch\/index.php\/wp-json\/wp\/v2\/users\/1"}],"replies":[{"embeddable":true,"href":"https:\/\/www.xn--rfenacht-fahrzeugbau-pec.ch\/index.php\/wp-json\/wp\/v2\/comments?post=144"}],"version-history":[{"count":28,"href":"https:\/\/www.xn--rfenacht-fahrzeugbau-pec.ch\/index.php\/wp-json\/wp\/v2\/pages\/144\/revisions"}],"predecessor-version":[{"id":889,"href":"https:\/\/www.xn--rfenacht-fahrzeugbau-pec.ch\/index.php\/wp-json\/wp\/v2\/pages\/144\/revisions\/889"}],"wp:attachment":[{"href":"https:\/\/www.xn--rfenacht-fahrzeugbau-pec.ch\/index.php\/wp-json\/wp\/v2\/media?parent=144"}],"curies":[{"name":"wp","href":"https:\/\/api.w.org\/{rel}","templated":true}]}}